{"id":549,"date":"2023-03-10T15:29:37","date_gmt":"2023-03-10T14:29:37","guid":{"rendered":"https:\/\/icecatcher.com\/impressum\/"},"modified":"2024-05-10T17:13:28","modified_gmt":"2024-05-10T15:13:28","slug":"legal-details","status":"publish","type":"page","link":"https:\/\/icecatcher.com\/en\/legal-details\/","title":{"rendered":"Legal details"},"content":{"rendered":"<div id=\"pl-549\"  class=\"panel-layout\" ><div id=\"pg-549-0\"  class=\"panel-grid panel-no-style\" ><div id=\"pgc-549-0-0\"  class=\"panel-grid-cell\" ><div id=\"panel-549-0-0-0\" class=\"so-panel widget widget_black-studio-tinymce widget_black_studio_tinymce panel-first-child panel-last-child\" data-index=\"0\" ><div class=\"textwidget\"><h1><\/h1>\n<h1><\/h1>\n<h1>Legal details<\/h1>\n<h3>(available only in German)<\/h3>\n<p>Benno Lindel<br \/>\nLINDEL:GALLERIA (Einzelunternehmer)<br \/>\nAm S\u00fcdfelde 22<br \/>\nD-313311 Uetze<\/p>\n<h2>Kontakt:<\/h2>\n<p>Telefon: +49 (0) 51 73.517 29 22<br \/>\nE-Mail: mail@icecatcher.com<\/p>\n<h2>Umsatzsteuer:<\/h2>\n<p>Umsatzsteuer- Identifikationsnummer gem\u00e4\u00df \u00a727 a Umsatzsteuergesetz:<br \/>\nDE 119207004<\/p>\n<p>&nbsp;<\/p>\n<h2>Das Impressum gilt auch f\u00fcr folgende Onlinepr\u00e4senzen:<\/h2>\n<p>Facebook:\u00a0https:\/\/www.facebook.com\/sandcity.de\/<br \/>\nInstagram:\u00a0https:\/\/www.instagram.com\/sandcity.de\/<br \/>\nVimeo:\u00a0https:\/\/vimeo.com\/sandcity<br \/>\nYouTube: https:\/\/www.youtube.com\/channel\/UCsMhDzWTkzIop3CYO6kU43A?<br \/>\nPinterest: https:\/\/www.pinterest.de\/sandcityde\/<br \/>\nGoogle+:\u00a0https:\/\/plus.google.com\/+SandcityDe<\/p>\n<p>http:\/\/lindel-galleria.de\/LG-Sites<br \/>\nhttp:\/\/lindelgalleriapr.de<br \/>\nhttp:\/\/galleriapr.de<\/p>\n<blockquote class=\"wp-embedded-content\" data-secret=\"pz7F8QFbnp\"><p><a href=\"https:\/\/sandcity.de\/en\/\">Sand sculpture Events &#8211; Sculpture parks and Live Acts<\/a><\/p><\/blockquote>\n<p><iframe loading=\"lazy\" class=\"wp-embedded-content\" sandbox=\"allow-scripts\" security=\"restricted\" style=\"position: absolute; visibility: hidden;\" title=\"&#8220;Sand sculpture Events &#8211; Sculpture parks and Live Acts&#8221; &#8212; sandcity\" src=\"https:\/\/sandcity.de\/en\/embed\/#?secret=paEMZ53XSs#?secret=pz7F8QFbnp\" data-secret=\"pz7F8QFbnp\" width=\"600\" height=\"338\" frameborder=\"0\" marginwidth=\"0\" marginheight=\"0\" scrolling=\"no\"><\/iframe><\/p>\n<blockquote class=\"wp-embedded-content\" data-secret=\"90oSn1QV66\"><p><a href=\"https:\/\/icecatcher.com\/\">Eisskulpturen &#8211; Live carving &#8211; Eisbahnen: Magische Events<\/a><\/p><\/blockquote>\n<p><iframe loading=\"lazy\" class=\"wp-embedded-content\" sandbox=\"allow-scripts\" security=\"restricted\" style=\"position: absolute; visibility: hidden;\" title=\"&#8222;Eisskulpturen &#8211; Live carving &#8211; Eisbahnen: Magische Events&#8220; &#8212; icecatcher\" src=\"https:\/\/icecatcher.com\/embed\/#?secret=MgTyw8S8ov#?secret=90oSn1QV66\" data-secret=\"90oSn1QV66\" width=\"600\" height=\"338\" frameborder=\"0\" marginwidth=\"0\" marginheight=\"0\" scrolling=\"no\"><\/iframe><\/p>\n<blockquote class=\"wp-embedded-content\" data-secret=\"1qsUfp6c6N\"><p><a href=\"http:\/\/cardstacker.de\/\">Cardstacking &#8211; Die Kunst des Kartenhaus-Baus<\/a><\/p><\/blockquote>\n<p><iframe loading=\"lazy\" class=\"wp-embedded-content\" sandbox=\"allow-scripts\" security=\"restricted\" style=\"position: absolute; visibility: hidden;\" title=\"&#8222;Cardstacking &#8211; Die Kunst des Kartenhaus-Baus&#8220; &#8212; cardstacker\" src=\"http:\/\/cardstacker.de\/embed\/#?secret=tNAjYl4Cez#?secret=1qsUfp6c6N\" data-secret=\"1qsUfp6c6N\" width=\"600\" height=\"338\" frameborder=\"0\" marginwidth=\"0\" marginheight=\"0\" scrolling=\"no\"><\/iframe><br \/>\nhttp:\/\/wisci.de<br \/>\nhttp:\/\/zukunftsladen.de<\/p>\n<p>&nbsp;<\/p>\n<h2>Angaben zur Berufshaftpflichtversicherung<\/h2>\n<p>R+V Allgemeine Versicherung AG<br \/>\nVoltastra\u00dfe 84<br \/>\n60486 Frankfurt<\/p>\n<h2>Streitschlichtung<\/h2>\n<p>Wir sind nicht bereit oder verpflichtet, an Streitbeilegungsverfahren vor einer Verbraucherschlichtungsstelle teilzunehmen.<\/p>\n<h2>Haftung f\u00fcr Inhalte<\/h2>\n<p>Als Diensteanbieter sind wir gem\u00e4\u00df \u00a7 7 Abs.1 TMG f\u00fcr eigene Inhalte auf diesen Seiten nach den allgemeinen Gesetzen verantwortlich. Nach \u00a7\u00a7 8 bis 10 TMG sind wir als Diensteanbieter jedoch nicht verpflichtet, \u00fcbermittelte oder gespeicherte fremde Informationen zu \u00fcberwachen oder nach Umst\u00e4nden zu forschen, die auf eine rechtswidrige T\u00e4tigkeit hinweisen.<\/p>\n<p>Verpflichtungen zur Entfernung oder Sperrung der Nutzung von Informationen nach den allgemeinen Gesetzen bleiben hiervon unber\u00fchrt. Eine diesbez\u00fcgliche Haftung ist jedoch erst ab dem Zeitpunkt der Kenntnis einer konkreten Rechtsverletzung m\u00f6glich. Bei Bekanntwerden von entsprechenden Rechtsverletzungen werden wir diese Inhalte umgehend entfernen.<\/p>\n<h2>Haftung f\u00fcr Links<\/h2>\n<p>Unser Angebot enth\u00e4lt Links zu externen Websites Dritter, auf deren Inhalte wir keinen Einfluss haben. Deshalb k\u00f6nnen wir f\u00fcr diese fremden Inhalte auch keine Gew\u00e4hr \u00fcbernehmen. F\u00fcr die Inhalte der verlinkten Seiten ist stets der jeweilige Anbieter oder Betreiber der Seiten verantwortlich. Die verlinkten Seiten wurden zum Zeitpunkt der Verlinkung auf m\u00f6gliche Rechtsverst\u00f6\u00dfe \u00fcberpr\u00fcft. Rechtswidrige Inhalte waren zum Zeitpunkt der Verlinkung nicht erkennbar.<\/p>\n<p>Eine permanente inhaltliche Kontrolle der verlinkten Seiten ist jedoch ohne konkrete Anhaltspunkte einer Rechtsverletzung nicht zumutbar. Bei Bekanntwerden von Rechtsverletzungen werden wir derartige Links umgehend entfernen.<\/p>\n<h2>Urheberrecht<\/h2>\n<p>Die durch die Seitenbetreiber erstellten Inhalte und Werke auf diesen Seiten unterliegen dem deutschen Urheberrecht. Die Vervielf\u00e4ltigung, Bearbeitung, Verbreitung und jede Art der Verwertung au\u00dferhalb der Grenzen des Urheberrechtes bed\u00fcrfen der schriftlichen Zustimmung des jeweiligen Autors bzw. Erstellers. Downloads und Kopien dieser Seite sind nur f\u00fcr den privaten, nicht kommerziellen Gebrauch gestattet.<\/p>\n<p>Soweit die Inhalte auf dieser Seite nicht vom Betreiber erstellt wurden, werden die Urheberrechte Dritter beachtet. Insbesondere werden Inhalte Dritter als solche gekennzeichnet. Sollten Sie trotzdem auf eine Urheberrechtsverletzung aufmerksam werden, bitten wir um einen entsprechenden Hinweis. Bei Bekanntwerden von Rechtsverletzungen werden wir derartige Inhalte umgehend entfernen.<\/p>\n<p>&nbsp;<\/p>\n<p>Quelle: <a href=\"https:\/\/www.e-recht24.de\/\">e-recht24.de<\/a><\/p>\n<p>&nbsp;<\/p>\n<\/div><\/div><\/div><\/div><\/div>","protected":false},"excerpt":{"rendered":"<p>Legal details (available only in German) Benno Lindel LINDEL:GALLERIA (Einzelunternehmer) Am S\u00fcdfelde 22 D-313311 Uetze Kontakt: Telefon: +49 (0) 51 73.517 29 22 E-Mail: mail@icecatcher.com Umsatzsteuer: Umsatzsteuer- Identifikationsnummer gem\u00e4\u00df \u00a727 a Umsatzsteuergesetz: DE 119207004 &nbsp; Das Impressum gilt auch f\u00fcr folgende Onlinepr\u00e4senzen: Facebook:\u00a0https:\/\/www.facebook.com\/sandcity.de\/ Instagram:\u00a0https:\/\/www.instagram.com\/sandcity.de\/ Vimeo:\u00a0https:\/\/vimeo.com\/sandcity YouTube: https:\/\/www.youtube.com\/channel\/UCsMhDzWTkzIop3CYO6kU43A? Pinterest: https:\/\/www.pinterest.de\/sandcityde\/ Google+:\u00a0https:\/\/plus.google.com\/+SandcityDe http:\/\/lindel-galleria.de\/LG-Sites http:\/\/lindelgalleriapr.de http:\/\/galleriapr.de https:\/\/sandcity.de http:\/\/icecatcher.com [&hellip;]<\/p>\n","protected":false},"author":1,"featured_media":0,"parent":0,"menu_order":41,"comment_status":"closed","ping_status":"closed","template":"","meta":{"footnotes":""},"class_list":["post-549","page","type-page","status-publish","hentry","post"],"yoast_head":"<!-- This site is optimized with the Yoast SEO plugin v27.2 - https:\/\/yoast.com\/product\/yoast-seo-wordpress\/ -->\n<title>Legal details - icecatcher<\/title>\n<meta name=\"robots\" content=\"index, follow, max-snippet:-1, max-image-preview:large, max-video-preview:-1\" \/>\n<link rel=\"canonical\" href=\"https:\/\/icecatcher.com\/en\/legal-details\/\" \/>\n<meta property=\"og:locale\" content=\"en_US\" \/>\n<meta property=\"og:type\" content=\"article\" \/>\n<meta property=\"og:title\" content=\"Legal details - icecatcher\" \/>\n<meta property=\"og:description\" content=\"Legal details (available only in German) Benno Lindel LINDEL:GALLERIA (Einzelunternehmer) Am S\u00fcdfelde 22 D-313311 Uetze Kontakt: Telefon: +49 (0) 51 73.517 29 22 E-Mail: mail@icecatcher.com Umsatzsteuer: Umsatzsteuer- Identifikationsnummer gem\u00e4\u00df \u00a727 a Umsatzsteuergesetz: DE 119207004 &nbsp; Das Impressum gilt auch f\u00fcr folgende Onlinepr\u00e4senzen: Facebook:\u00a0https:\/\/www.facebook.com\/sandcity.de\/ Instagram:\u00a0https:\/\/www.instagram.com\/sandcity.de\/ Vimeo:\u00a0https:\/\/vimeo.com\/sandcity YouTube: https:\/\/www.youtube.com\/channel\/UCsMhDzWTkzIop3CYO6kU43A? Pinterest: https:\/\/www.pinterest.de\/sandcityde\/ Google+:\u00a0https:\/\/plus.google.com\/+SandcityDe http:\/\/lindel-galleria.de\/LG-Sites http:\/\/lindelgalleriapr.de http:\/\/galleriapr.de https:\/\/sandcity.de http:\/\/icecatcher.com [&hellip;]\" \/>\n<meta property=\"og:url\" content=\"https:\/\/icecatcher.com\/en\/legal-details\/\" \/>\n<meta property=\"og:site_name\" content=\"icecatcher\" \/>\n<meta property=\"article:publisher\" content=\"https:\/\/www.facebook.com\/sandcity.de\" \/>\n<meta property=\"article:modified_time\" content=\"2024-05-10T15:13:28+00:00\" \/>\n<meta name=\"twitter:card\" content=\"summary_large_image\" \/>\n<meta name=\"twitter:label1\" content=\"Est. reading time\" \/>\n\t<meta name=\"twitter:data1\" content=\"2 minutes\" \/>\n<script type=\"application\/ld+json\" class=\"yoast-schema-graph\">{\"@context\":\"https:\/\/schema.org\",\"@graph\":[{\"@type\":\"WebPage\",\"@id\":\"https:\/\/icecatcher.com\/en\/legal-details\/\",\"url\":\"https:\/\/icecatcher.com\/en\/legal-details\/\",\"name\":\"Legal details - icecatcher\",\"isPartOf\":{\"@id\":\"https:\/\/icecatcher.com\/en\/#website\"},\"datePublished\":\"2023-03-10T14:29:37+00:00\",\"dateModified\":\"2024-05-10T15:13:28+00:00\",\"breadcrumb\":{\"@id\":\"https:\/\/icecatcher.com\/en\/legal-details\/#breadcrumb\"},\"inLanguage\":\"en-US\",\"potentialAction\":[{\"@type\":\"ReadAction\",\"target\":[\"https:\/\/icecatcher.com\/en\/legal-details\/\"]}]},{\"@type\":\"BreadcrumbList\",\"@id\":\"https:\/\/icecatcher.com\/en\/legal-details\/#breadcrumb\",\"itemListElement\":[{\"@type\":\"ListItem\",\"position\":1,\"name\":\"Startseite\",\"item\":\"https:\/\/icecatcher.com\/en\/\"},{\"@type\":\"ListItem\",\"position\":2,\"name\":\"Legal details\"}]},{\"@type\":\"WebSite\",\"@id\":\"https:\/\/icecatcher.com\/en\/#website\",\"url\":\"https:\/\/icecatcher.com\/en\/\",\"name\":\"icecatcher\",\"description\":\"Events aus Eis und Schnee\",\"publisher\":{\"@id\":\"https:\/\/icecatcher.com\/en\/#organization\"},\"potentialAction\":[{\"@type\":\"SearchAction\",\"target\":{\"@type\":\"EntryPoint\",\"urlTemplate\":\"https:\/\/icecatcher.com\/en\/?s={search_term_string}\"},\"query-input\":{\"@type\":\"PropertyValueSpecification\",\"valueRequired\":true,\"valueName\":\"search_term_string\"}}],\"inLanguage\":\"en-US\"},{\"@type\":\"Organization\",\"@id\":\"https:\/\/icecatcher.com\/en\/#organization\",\"name\":\"icecatcher\",\"url\":\"https:\/\/icecatcher.com\/en\/\",\"logo\":{\"@type\":\"ImageObject\",\"inLanguage\":\"en-US\",\"@id\":\"https:\/\/icecatcher.com\/en\/#\/schema\/logo\/image\/\",\"url\":\"https:\/\/icecatcher.com\/wp-content\/uploads\/sites\/3\/2023\/03\/icecatcher-1x.png\",\"contentUrl\":\"https:\/\/icecatcher.com\/wp-content\/uploads\/sites\/3\/2023\/03\/icecatcher-1x.png\",\"width\":149,\"height\":20,\"caption\":\"icecatcher\"},\"image\":{\"@id\":\"https:\/\/icecatcher.com\/en\/#\/schema\/logo\/image\/\"},\"sameAs\":[\"https:\/\/www.facebook.com\/sandcity.de\",\"https:\/\/www.instagram.com\/sandcity.de\/\"]}]}<\/script>\n<!-- \/ Yoast SEO plugin. -->","yoast_head_json":{"title":"Legal details - icecatcher","robots":{"index":"index","follow":"follow","max-snippet":"max-snippet:-1","max-image-preview":"max-image-preview:large","max-video-preview":"max-video-preview:-1"},"canonical":"https:\/\/icecatcher.com\/en\/legal-details\/","og_locale":"en_US","og_type":"article","og_title":"Legal details - icecatcher","og_description":"Legal details (available only in German) Benno Lindel LINDEL:GALLERIA (Einzelunternehmer) Am S\u00fcdfelde 22 D-313311 Uetze Kontakt: Telefon: +49 (0) 51 73.517 29 22 E-Mail: mail@icecatcher.com Umsatzsteuer: Umsatzsteuer- Identifikationsnummer gem\u00e4\u00df \u00a727 a Umsatzsteuergesetz: DE 119207004 &nbsp; Das Impressum gilt auch f\u00fcr folgende Onlinepr\u00e4senzen: Facebook:\u00a0https:\/\/www.facebook.com\/sandcity.de\/ Instagram:\u00a0https:\/\/www.instagram.com\/sandcity.de\/ Vimeo:\u00a0https:\/\/vimeo.com\/sandcity YouTube: https:\/\/www.youtube.com\/channel\/UCsMhDzWTkzIop3CYO6kU43A? Pinterest: https:\/\/www.pinterest.de\/sandcityde\/ Google+:\u00a0https:\/\/plus.google.com\/+SandcityDe http:\/\/lindel-galleria.de\/LG-Sites http:\/\/lindelgalleriapr.de http:\/\/galleriapr.de https:\/\/sandcity.de http:\/\/icecatcher.com [&hellip;]","og_url":"https:\/\/icecatcher.com\/en\/legal-details\/","og_site_name":"icecatcher","article_publisher":"https:\/\/www.facebook.com\/sandcity.de","article_modified_time":"2024-05-10T15:13:28+00:00","twitter_card":"summary_large_image","twitter_misc":{"Est. reading time":"2 minutes"},"schema":{"@context":"https:\/\/schema.org","@graph":[{"@type":"WebPage","@id":"https:\/\/icecatcher.com\/en\/legal-details\/","url":"https:\/\/icecatcher.com\/en\/legal-details\/","name":"Legal details - icecatcher","isPartOf":{"@id":"https:\/\/icecatcher.com\/en\/#website"},"datePublished":"2023-03-10T14:29:37+00:00","dateModified":"2024-05-10T15:13:28+00:00","breadcrumb":{"@id":"https:\/\/icecatcher.com\/en\/legal-details\/#breadcrumb"},"inLanguage":"en-US","potentialAction":[{"@type":"ReadAction","target":["https:\/\/icecatcher.com\/en\/legal-details\/"]}]},{"@type":"BreadcrumbList","@id":"https:\/\/icecatcher.com\/en\/legal-details\/#breadcrumb","itemListElement":[{"@type":"ListItem","position":1,"name":"Startseite","item":"https:\/\/icecatcher.com\/en\/"},{"@type":"ListItem","position":2,"name":"Legal details"}]},{"@type":"WebSite","@id":"https:\/\/icecatcher.com\/en\/#website","url":"https:\/\/icecatcher.com\/en\/","name":"icecatcher","description":"Events aus Eis und Schnee","publisher":{"@id":"https:\/\/icecatcher.com\/en\/#organization"},"potentialAction":[{"@type":"SearchAction","target":{"@type":"EntryPoint","urlTemplate":"https:\/\/icecatcher.com\/en\/?s={search_term_string}"},"query-input":{"@type":"PropertyValueSpecification","valueRequired":true,"valueName":"search_term_string"}}],"inLanguage":"en-US"},{"@type":"Organization","@id":"https:\/\/icecatcher.com\/en\/#organization","name":"icecatcher","url":"https:\/\/icecatcher.com\/en\/","logo":{"@type":"ImageObject","inLanguage":"en-US","@id":"https:\/\/icecatcher.com\/en\/#\/schema\/logo\/image\/","url":"https:\/\/icecatcher.com\/wp-content\/uploads\/sites\/3\/2023\/03\/icecatcher-1x.png","contentUrl":"https:\/\/icecatcher.com\/wp-content\/uploads\/sites\/3\/2023\/03\/icecatcher-1x.png","width":149,"height":20,"caption":"icecatcher"},"image":{"@id":"https:\/\/icecatcher.com\/en\/#\/schema\/logo\/image\/"},"sameAs":["https:\/\/www.facebook.com\/sandcity.de","https:\/\/www.instagram.com\/sandcity.de\/"]}]}},"_links":{"self":[{"href":"https:\/\/icecatcher.com\/en\/wp-json\/wp\/v2\/pages\/549","targetHints":{"allow":["GET"]}}],"collection":[{"href":"https:\/\/icecatcher.com\/en\/wp-json\/wp\/v2\/pages"}],"about":[{"href":"https:\/\/icecatcher.com\/en\/wp-json\/wp\/v2\/types\/page"}],"author":[{"embeddable":true,"href":"https:\/\/icecatcher.com\/en\/wp-json\/wp\/v2\/users\/1"}],"replies":[{"embeddable":true,"href":"https:\/\/icecatcher.com\/en\/wp-json\/wp\/v2\/comments?post=549"}],"version-history":[{"count":3,"href":"https:\/\/icecatcher.com\/en\/wp-json\/wp\/v2\/pages\/549\/revisions"}],"predecessor-version":[{"id":729,"href":"https:\/\/icecatcher.com\/en\/wp-json\/wp\/v2\/pages\/549\/revisions\/729"}],"wp:attachment":[{"href":"https:\/\/icecatcher.com\/en\/wp-json\/wp\/v2\/media?parent=549"}],"curies":[{"name":"wp","href":"https:\/\/api.w.org\/{rel}","templated":true}]}}